{"id":47,"date":"2025-08-29T15:19:19","date_gmt":"2025-08-29T13:19:19","guid":{"rendered":"https:\/\/dequis.de\/?page_id=47"},"modified":"2025-10-22T11:02:30","modified_gmt":"2025-10-22T09:02:30","slug":"highfire","status":"publish","type":"page","link":"https:\/\/dequis.de\/index.php\/highfire\/","title":{"rendered":"HighFire"},"content":{"rendered":"\t\t<div data-elementor-type=\"wp-page\" data-elementor-id=\"47\" class=\"elementor elementor-47\" data-elementor-post-type=\"page\">\n\t\t\t\t<div class=\"elementor-element elementor-element-1eda198 e-flex e-con-boxed e-con e-parent\" data-id=\"1eda198\" data-element_type=\"container\" data-e-type=\"container\" data-settings=\"{&quot;background_background&quot;:&quot;classic&quot;}\">\n\t\t\t\t\t<div class=\"e-con-inner\">\n\t\t<div class=\"elementor-element elementor-element-7d8f58e e-con-full e-flex e-con e-child\" data-id=\"7d8f58e\" data-element_type=\"container\" data-e-type=\"container\">\n\t\t\t\t<div class=\"elementor-element elementor-element-02b96dc elementor-widget elementor-widget-heading\" data-id=\"02b96dc\" data-element_type=\"widget\" data-e-type=\"widget\" data-widget_type=\"heading.default\">\n\t\t\t\t\t<h1 class=\"elementor-heading-title elementor-size-default\">Erleben Sie die Fazination HighFire<\/h1>\t\t\t\t<\/div>\n\t\t\t\t<div class=\"elementor-element elementor-element-efba4f2 elementor-widget-divider--view-line elementor-widget elementor-widget-divider\" data-id=\"efba4f2\" data-element_type=\"widget\" data-e-type=\"widget\" data-widget_type=\"divider.default\">\n\t\t\t\t\t\t\t<div class=\"elementor-divider\">\n\t\t\t<span class=\"elementor-divider-separator\">\n\t\t\t\t\t\t<\/span>\n\t\t<\/div>\n\t\t\t\t\t\t<\/div>\n\t\t\t\t<\/div>\n\t\t<div class=\"elementor-element elementor-element-f8ab6e5 e-con-full e-flex e-con e-child\" data-id=\"f8ab6e5\" data-element_type=\"container\" data-e-type=\"container\">\n\t\t\t\t<div class=\"elementor-element elementor-element-d84c4e8 elementor-widget elementor-widget-text-editor\" data-id=\"d84c4e8\" data-element_type=\"widget\" data-e-type=\"widget\" data-widget_type=\"text-editor.default\">\n\t\t\t\t\t\t\t\t\t<p>Elegant und schwerelos, hell und lebendig tanzt die Flamme des HighFire. Sie verleiht jedem Ort das gewisse Etwas und schafft, ob drinnen oder drau\u00dfen, mit seinem warmen Licht stets eine entspannte und faszinierende Atmosph\u00e4re.<\/p>\t\t\t\t\t\t\t\t<\/div>\n\t\t\t\t<\/div>\n\t\t\t\t\t<\/div>\n\t\t\t\t<\/div>\n\t\t<div class=\"elementor-element elementor-element-79d024d properties e-flex e-con-boxed e-con e-parent\" data-id=\"79d024d\" data-element_type=\"container\" data-e-type=\"container\" data-settings=\"{&quot;background_background&quot;:&quot;classic&quot;}\">\n\t\t\t\t\t<div class=\"e-con-inner\">\n\t\t<div class=\"elementor-element elementor-element-5f369b2 e-con-full e-flex e-con e-child\" data-id=\"5f369b2\" data-element_type=\"container\" data-e-type=\"container\">\n\t\t<div class=\"elementor-element elementor-element-aa7798e e-con-full e-flex e-con e-child\" data-id=\"aa7798e\" data-element_type=\"container\" data-e-type=\"container\">\n\t\t\t\t<div class=\"elementor-element elementor-element-966908a elementor-widget elementor-widget-heading\" data-id=\"966908a\" data-element_type=\"widget\" data-e-type=\"widget\" data-widget_type=\"heading.default\">\n\t\t\t\t\t<h2 class=\"elementor-heading-title elementor-size-default\">HighFire \u2013 Feuerkultur neu\u00a0gedacht<\/h2>\t\t\t\t<\/div>\n\t\t\t\t<div class=\"elementor-element elementor-element-69ee39e elementor-widget-divider--view-line elementor-widget elementor-widget-divider\" data-id=\"69ee39e\" data-element_type=\"widget\" data-e-type=\"widget\" data-widget_type=\"divider.default\">\n\t\t\t\t\t\t\t<div class=\"elementor-divider\">\n\t\t\t<span class=\"elementor-divider-separator\">\n\t\t\t\t\t\t<\/span>\n\t\t<\/div>\n\t\t\t\t\t\t<\/div>\n\t\t\t\t<div class=\"elementor-element elementor-element-b0b123c elementor-widget elementor-widget-text-editor\" data-id=\"b0b123c\" data-element_type=\"widget\" data-e-type=\"widget\" data-widget_type=\"text-editor.default\">\n\t\t\t\t\t\t\t\t\t<p>HighFire vereint enorme Helligkeit mit einer ansprechenden Flamme und Design, die jeden Raum oder Au\u00dfenbereich in eine besondere Atmosph\u00e4re tauchen.<\/p><p>Dank der innovativen Brenntechnologie sorgt HighFire f\u00fcr eine r\u00fcckstandsfreie Verbrennung \u2013 es entsteht keine Ru\u00dfbildung im Glaszylinder, sodass der Blick auf das Feuer stets klar und unverf\u00e4lscht bleibt.<\/p><p>Gefertigt aus hochwertigen Materialien, verbindet HighFire langlebige Qualit\u00e4t mit zeitloser Eleganz. Jedes Detail ist pr\u00e4zise abgestimmt \u2013 von der Klarheit des Materials bis hin zur harmonischen Form.<\/p><p>Mit &#8218;Made in Germany&#8216; , steht HighFire f\u00fcr h\u00f6chste Verarbeitungsstandards, Sicherheit und exklusives Design &#8211; ein Feuererlebnis der besonderen Art.<\/p>\t\t\t\t\t\t\t\t<\/div>\n\t\t\t\t<\/div>\n\t\t\t\t<\/div>\n\t\t<div class=\"elementor-element elementor-element-2a9e347 e-con-full e-flex e-con e-child\" data-id=\"2a9e347\" data-element_type=\"container\" data-e-type=\"container\">\n\t\t<div class=\"elementor-element elementor-element-f31e773 e-con-full round-small e-flex e-con e-child\" data-id=\"f31e773\" data-element_type=\"container\" data-e-type=\"container\" data-settings=\"{&quot;background_background&quot;:&quot;video&quot;,&quot;background_video_link&quot;:&quot;https:\\\/\\\/dequis.de\\\/wp-content\\\/uploads\\\/2025\\\/08\\\/flamme-slowmo.mp4&quot;,&quot;background_play_on_mobile&quot;:&quot;yes&quot;}\">\n\t\t<div class=\"elementor-background-video-container\">\n\t\t\t\t\t\t\t<video class=\"elementor-background-video-hosted\" role=\"presentation\" autoplay muted playsinline loop><\/video>\n\t\t\t\t\t<\/div>\t\t<\/div>\n\t\t\t\t<\/div>\n\t\t<div class=\"elementor-element elementor-element-403fd54 e-con-full e-flex e-con e-child\" data-id=\"403fd54\" data-element_type=\"container\" data-e-type=\"container\">\n\t\t<div class=\"elementor-element elementor-element-b0e0806 e-con-full e-flex e-con e-child\" data-id=\"b0e0806\" data-element_type=\"container\" data-e-type=\"container\">\n\t\t\t\t<div class=\"elementor-element elementor-element-105f51b elementor-widget elementor-widget-heading\" data-id=\"105f51b\" data-element_type=\"widget\" data-e-type=\"widget\" data-widget_type=\"heading.default\">\n\t\t\t\t\t<h2 class=\"elementor-heading-title elementor-size-default\">Eigenschaften<\/h2>\t\t\t\t<\/div>\n\t\t\t\t<div class=\"elementor-element elementor-element-69fd00b elementor-widget-divider--view-line elementor-widget elementor-widget-divider\" data-id=\"69fd00b\" data-element_type=\"widget\" data-e-type=\"widget\" data-widget_type=\"divider.default\">\n\t\t\t\t\t\t\t<div class=\"elementor-divider\">\n\t\t\t<span class=\"elementor-divider-separator\">\n\t\t\t\t\t\t<\/span>\n\t\t<\/div>\n\t\t\t\t\t\t<\/div>\n\t\t\t\t<div class=\"elementor-element elementor-element-914799f elementor-widget elementor-widget-text-editor\" data-id=\"914799f\" data-element_type=\"widget\" data-e-type=\"widget\" data-widget_type=\"text-editor.default\">\n\t\t\t\t\t\t\t\t\t<ul class=\"featured-list li-spacer-small\"><li>Enorme Helligkeit<\/li><li>Lange Brenndauer<\/li><li>Hohe W\u00e4rmeleistung<\/li><li>Keine Ru\u00dfbildung im Glaszylinder<\/li><li>R\u00fcckstandsfreie Verbrennung<\/li><li>Hochwertiges Borosilikatglas<\/li><li>Ansprechende Flamme und Design<\/li><li>Geringe Betriebskosten<\/li><li>Einfache Handhabung<\/li><li>Erh\u00e4ltlich in 3 Farben und Gr\u00f6\u00dfen<\/li><li>Made in Germany<\/li><\/ul>\t\t\t\t\t\t\t\t<\/div>\n\t\t\t\t<\/div>\n\t\t\t\t<\/div>\n\t\t\t\t\t<\/div>\n\t\t\t\t<\/div>\n\t\t<div class=\"elementor-element elementor-element-af0ba30 e-flex e-con-boxed e-con e-parent\" data-id=\"af0ba30\" data-element_type=\"container\" data-e-type=\"container\" data-settings=\"{&quot;background_background&quot;:&quot;classic&quot;}\">\n\t\t\t\t\t<div class=\"e-con-inner\">\n\t\t<div class=\"elementor-element elementor-element-18f0c5f e-con-full e-flex e-con e-child\" data-id=\"18f0c5f\" data-element_type=\"container\" data-e-type=\"container\">\n\t\t\t\t<div class=\"elementor-element elementor-element-0cf377f elementor-widget-tablet__width-initial elementor-widget elementor-widget-heading\" data-id=\"0cf377f\" data-element_type=\"widget\" data-e-type=\"widget\" data-widget_type=\"heading.default\">\n\t\t\t\t\t<h3 class=\"elementor-heading-title elementor-size-default\">Spezifikationen<\/h3>\t\t\t\t<\/div>\n\t\t\t\t<div class=\"elementor-element elementor-element-65bbf71 elementor-widget-divider--view-line elementor-widget elementor-widget-divider\" data-id=\"65bbf71\" data-element_type=\"widget\" data-e-type=\"widget\" data-widget_type=\"divider.default\">\n\t\t\t\t\t\t\t<div class=\"elementor-divider\">\n\t\t\t<span class=\"elementor-divider-separator\">\n\t\t\t\t\t\t<\/span>\n\t\t<\/div>\n\t\t\t\t\t\t<\/div>\n\t\t\t\t<\/div>\n\t\t\t\t\t<\/div>\n\t\t\t\t<\/div>\n\t\t<div class=\"elementor-element elementor-element-10301bc e-flex e-con-boxed e-con e-parent\" data-id=\"10301bc\" data-element_type=\"container\" data-e-type=\"container\" data-settings=\"{&quot;background_background&quot;:&quot;classic&quot;}\">\n\t\t\t\t\t<div class=\"e-con-inner\">\n\t\t<div class=\"elementor-element elementor-element-3618a86 e-con-full e-flex e-con e-child\" data-id=\"3618a86\" data-element_type=\"container\" data-e-type=\"container\">\n\t\t\t\t<div class=\"elementor-element elementor-element-1c24f67 elementor-widget elementor-widget-html\" data-id=\"1c24f67\" data-element_type=\"widget\" data-e-type=\"widget\" data-widget_type=\"html.default\">\n\t\t\t\t\t<div class=\"dq-table\">\n    <div class=\"dq-table-row dq-table-row-bg\">\n        <div class=\"table-cell-border-right dq-table-cell dq-table-cell1\">\n            Brennstoff\n        <\/div>\n        <div class=\"dq-table-cell dq-table-cell2\">\n            Bioethanol 96-100%\n        <\/div>\n        <\/div>\n        <div class=\"dq-table-row dq-table-row-border-top\">\n        <div class=\"table-cell-border-right dq-table-cell dq-table-cell1\">\n            F\u00fcllmenge\n        <\/div>\n        <div class=\"dq-table-cell dq-table-cell2\">\n            max. 1000 ml\n        <\/div>\n        <\/div>\n        <div class=\"dq-table-row dq-table-row-bg dq-table-row-border-top\">\n        <div class=\"table-cell-border-right dq-table-cell dq-table-cell1\">\n            Durchmesser Tank\n        <\/div>\n        <div class=\"dq-table-cell dq-table-cell2\">\n            25 cm\n        <\/div>\n        <\/div>\n        <div class=\"dq-table-row dq-table-row-border-top\">\n        <div class=\"table-cell-border-right dq-table-cell dq-table-cell1\">\n            Durchmesser Glaszylinder\n        <\/div>\n        <div class=\"dq-table-cell dq-table-cell2\">\n            9 cm\n        <\/div>\n    <\/div>\n<\/div>\t\t\t\t<\/div>\n\t\t\t\t<\/div>\n\t\t<div class=\"elementor-element elementor-element-0380385 e-con-full e-flex e-con e-child\" data-id=\"0380385\" data-element_type=\"container\" data-e-type=\"container\">\n\t\t\t\t<div class=\"elementor-element elementor-element-156a1e1 elementor-widget elementor-widget-html\" data-id=\"156a1e1\" data-element_type=\"widget\" data-e-type=\"widget\" data-widget_type=\"html.default\">\n\t\t\t\t\t<div class=\"dq-table\">\n    <div class=\"dq-table-row dq-table-row-bg\">\n        <div class=\"table-cell-border-right dq-table-cell dq-table-cell3\"><\/div>\n        <div class=\"table-cell-border-right dq-table-cell dq-table-cell4\">\n            Gesamth\u00f6he\n        <\/div>\n        <div class=\"table-cell-border-right dq-table-cell dq-table-cell5\">\n            Glaszylinderh\u00f6he\n        <\/div>\n        <div class=\"dq-table-cell dq-table-cell6\">\n            Brenndauer (1l)\n        <\/div>\n        <\/div>\n        <div class=\"dq-table-row dq-table-row-border-top\">\n        <div class=\"table-cell-border-right dq-table-cell dq-table-cell3\">\n            HF-klein\n        <\/div>\n        <div class=\"table-cell-border-right dq-table-cell dq-table-cell4\">\n            30 cm\n        <\/div>\n        <div class=\"table-cell-border-right dq-table-cell dq-table-cell5\">\n            25 cm\n        <\/div>\n        <div class=\"dq-table-cell dq-table-cell6\">\n            6 Std.\n        <\/div>\n        <\/div>\n        <div class=\"dq-table-row dq-table-row-bg dq-table-row-border-top\">\n        <div class=\"table-cell-border-right dq-table-cell dq-table-cell3\">\n            HF-mittel\n        <\/div>\n        <div class=\"table-cell-border-right dq-table-cell dq-table-cell4\">\n            40 cm\n        <\/div>\n        <div class=\"table-cell-border-right dq-table-cell dq-table-cell5\">\n            35 cm\n        <\/div>\n        <div class=\"dq-table-cell dq-table-cell6\">\n            4 Std.\n        <\/div>\n        <\/div>\n        <div class=\"dq-table-row dq-table-row-border-top\">\n        <div class=\"table-cell-border-right dq-table-cell dq-table-cell3\">\n            HF-gro\u00df\n        <\/div>\n        <div class=\"table-cell-border-right dq-table-cell dq-table-cell4\">\n            50 cm\n        <\/div>\n        <div class=\"table-cell-border-right dq-table-cell dq-table-cell5\">\n            45 cm\n        <\/div>\n        <div class=\"dq-table-cell dq-table-cell6\">\n            3 Std.\n        <\/div>\n    <\/div>\n<\/div>\t\t\t\t<\/div>\n\t\t\t\t<\/div>\n\t\t\t\t\t<\/div>\n\t\t\t\t<\/div>\n\t\t<div class=\"elementor-element elementor-element-21554a2 e-flex e-con-boxed e-con e-parent\" data-id=\"21554a2\" data-element_type=\"container\" data-e-type=\"container\" data-settings=\"{&quot;background_background&quot;:&quot;classic&quot;}\">\n\t\t\t\t\t<div class=\"e-con-inner\">\n\t\t<div class=\"elementor-element elementor-element-34ce4da e-con-full e-flex e-con e-child\" data-id=\"34ce4da\" data-element_type=\"container\" data-e-type=\"container\">\n\t\t\t\t<div class=\"elementor-element elementor-element-6e8e2d3 elementor-widget elementor-widget-heading\" data-id=\"6e8e2d3\" data-element_type=\"widget\" data-e-type=\"widget\" data-widget_type=\"heading.default\">\n\t\t\t\t\t<h3 class=\"elementor-heading-title elementor-size-default\">Bedienung<\/h3>\t\t\t\t<\/div>\n\t\t\t\t<div class=\"elementor-element elementor-element-2f618ce elementor-widget-divider--view-line elementor-widget elementor-widget-divider\" data-id=\"2f618ce\" data-element_type=\"widget\" data-e-type=\"widget\" data-widget_type=\"divider.default\">\n\t\t\t\t\t\t\t<div class=\"elementor-divider\">\n\t\t\t<span class=\"elementor-divider-separator\">\n\t\t\t\t\t\t<\/span>\n\t\t<\/div>\n\t\t\t\t\t\t<\/div>\n\t\t\t\t<\/div>\n\t\t\t\t\t<\/div>\n\t\t\t\t<\/div>\n\t\t<div class=\"elementor-element elementor-element-c0d7a65 e-flex e-con-boxed e-con e-parent\" data-id=\"c0d7a65\" data-element_type=\"container\" data-e-type=\"container\" data-settings=\"{&quot;background_background&quot;:&quot;classic&quot;}\">\n\t\t\t\t\t<div class=\"e-con-inner\">\n\t\t<div class=\"elementor-element elementor-element-badd069 e-con-full e-flex e-con e-child\" data-id=\"badd069\" data-element_type=\"container\" data-e-type=\"container\">\n\t\t\t\t<div class=\"elementor-element elementor-element-b75b55a elementor-widget elementor-widget-video\" data-id=\"b75b55a\" data-element_type=\"widget\" data-e-type=\"widget\" data-settings=\"{&quot;video_type&quot;:&quot;hosted&quot;,&quot;show_image_overlay&quot;:&quot;yes&quot;,&quot;image_overlay&quot;:{&quot;url&quot;:&quot;https:\\\/\\\/dequis.de\\\/wp-content\\\/uploads\\\/2025\\\/09\\\/intro-slomo-flamme.png&quot;,&quot;id&quot;:561,&quot;size&quot;:&quot;&quot;,&quot;alt&quot;:&quot;&quot;,&quot;source&quot;:&quot;library&quot;},&quot;controls&quot;:&quot;yes&quot;}\" data-widget_type=\"video.default\">\n\t\t\t\t\t\t\t<div class=\"e-hosted-video elementor-wrapper elementor-open-inline\">\n\t\t\t\t\t<video class=\"elementor-video\" src=\"https:\/\/dequis.de\/wp-content\/uploads\/2025\/08\/Tischfeuer_Dequis_01_Anleitung_V1.1a.mp4\" controls=\"\" preload=\"metadata\" controlsList=\"nodownload\"><\/video>\n\t\t\t\t\t\t<div class=\"elementor-custom-embed-image-overlay\" style=\"background-image: url(https:\/\/dequis.de\/wp-content\/uploads\/2025\/09\/intro-slomo-flamme.png);\">\n\t\t\t\t\t\t\t\t\t\t\t\t\t\t\t\t<div class=\"elementor-custom-embed-play\" role=\"button\" aria-label=\"Video abspielen\" tabindex=\"0\">\n\t\t\t\t\t\t\t<svg aria-hidden=\"true\" class=\"e-font-icon-svg e-eicon-play\" viewBox=\"0 0 1000 1000\" xmlns=\"http:\/\/www.w3.org\/2000\/svg\"><path d=\"M838 162C746 71 633 25 500 25 371 25 258 71 163 162 71 254 25 367 25 500 25 633 71 746 163 837 254 929 367 979 500 979 633 979 746 933 838 837 929 746 975 633 975 500 975 367 929 254 838 162M808 192C892 279 933 379 933 500 933 621 892 725 808 808 725 892 621 938 500 938 379 938 279 896 196 808 113 725 67 621 67 500 67 379 108 279 196 192 279 108 383 62 500 62 621 62 721 108 808 192M438 392V642L642 517 438 392Z\"><\/path><\/svg>\t\t\t\t\t\t<\/div>\n\t\t\t\t\t\t\t\t\t<\/div>\n\t\t\t\t\t<\/div>\n\t\t\t\t\t\t<\/div>\n\t\t\t\t<\/div>\n\t\t\t\t\t<\/div>\n\t\t\t\t<\/div>\n\t\t<div class=\"elementor-element elementor-element-48c4c04 e-flex e-con-boxed e-con e-parent\" data-id=\"48c4c04\" data-element_type=\"container\" data-e-type=\"container\" data-settings=\"{&quot;background_background&quot;:&quot;classic&quot;}\">\n\t\t\t\t\t<div class=\"e-con-inner\">\n\t\t<div class=\"elementor-element elementor-element-cfb4d6b e-con-full e-flex e-con e-child\" data-id=\"cfb4d6b\" data-element_type=\"container\" data-e-type=\"container\">\n\t\t\t\t<div class=\"elementor-element elementor-element-30f2ec4 elementor-widget elementor-widget-heading\" data-id=\"30f2ec4\" data-element_type=\"widget\" data-e-type=\"widget\" data-widget_type=\"heading.default\">\n\t\t\t\t\t<h3 class=\"elementor-heading-title elementor-size-default\">Brennstoff<\/h3>\t\t\t\t<\/div>\n\t\t\t\t<div class=\"elementor-element elementor-element-a3fe20b elementor-widget-divider--view-line elementor-widget elementor-widget-divider\" data-id=\"a3fe20b\" data-element_type=\"widget\" data-e-type=\"widget\" data-widget_type=\"divider.default\">\n\t\t\t\t\t\t\t<div class=\"elementor-divider\">\n\t\t\t<span class=\"elementor-divider-separator\">\n\t\t\t\t\t\t<\/span>\n\t\t<\/div>\n\t\t\t\t\t\t<\/div>\n\t\t\t\t<\/div>\n\t\t\t\t\t<\/div>\n\t\t\t\t<\/div>\n\t\t<div class=\"elementor-element elementor-element-4131c25 e-flex e-con-boxed e-con e-parent\" data-id=\"4131c25\" data-element_type=\"container\" data-e-type=\"container\" data-settings=\"{&quot;background_background&quot;:&quot;classic&quot;}\">\n\t\t\t\t\t<div class=\"e-con-inner\">\n\t\t<div class=\"elementor-element elementor-element-fc5f9cf e-con-full e-flex e-con e-child\" data-id=\"fc5f9cf\" data-element_type=\"container\" data-e-type=\"container\">\n\t\t\t\t<div class=\"elementor-element elementor-element-452033b elementor-widget elementor-widget-text-editor\" data-id=\"452033b\" data-element_type=\"widget\" data-e-type=\"widget\" data-widget_type=\"text-editor.default\">\n\t\t\t\t\t\t\t\t\t<p>Ethanol ist ein idealer Brennstoff, der geruchlos, nahezu r\u00fcckstandslos und rauchfrei verbrennt, somit eignet er sich auch f\u00fcr die Anwendung im Innenbereich. Es ist kein fossiler Brennstoff, sondern wird aus nachwachsenden Rohstoffen gewonnen und ist somit klimaneutral. Unser Tischfeuer wird mit Fl\u00fcssigethanol 96% bis 100% betrieben, und bietet im Vergleich zu Brennpaste oder Brenngel folgende Vorteile:<\/p><ul class=\"featured-list\"><li>Enorme Helligkeit, durch geringeren Wasseranteil<\/li><li>R\u00fcckstandsfreie Verbrennung<\/li><li>G\u00fcnstiger als Brenngel<\/li><\/ul>\t\t\t\t\t\t\t\t<\/div>\n\t\t\t\t<\/div>\n\t\t\t\t\t<\/div>\n\t\t\t\t<\/div>\n\t\t\t\t<\/div>\n\t\t","protected":false},"excerpt":{"rendered":"<p>Erleben Sie die Fazination HighFire Elegant und schwerelos, hell und lebendig tanzt die Flamme des HighFire. Sie verleiht jedem Ort das gewisse Etwas und schafft, ob drinnen oder drau\u00dfen, mit seinem warmen Licht stets eine entspannte und faszinierende Atmosph\u00e4re. HighFire \u2013 Feuerkultur neu\u00a0gedacht HighFire vereint enorme Helligkeit mit einer ansprechenden Flamme und Design, die jeden [&hellip;]<\/p>\n","protected":false},"author":1,"featured_media":0,"parent":0,"menu_order":0,"comment_status":"closed","ping_status":"closed","template":"","meta":{"footnotes":""},"class_list":["post-47","page","type-page","status-publish","hentry"],"_links":{"self":[{"href":"https:\/\/dequis.de\/index.php\/wp-json\/wp\/v2\/pages\/47","targetHints":{"allow":["GET"]}}],"collection":[{"href":"https:\/\/dequis.de\/index.php\/wp-json\/wp\/v2\/pages"}],"about":[{"href":"https:\/\/dequis.de\/index.php\/wp-json\/wp\/v2\/types\/page"}],"author":[{"embeddable":true,"href":"https:\/\/dequis.de\/index.php\/wp-json\/wp\/v2\/users\/1"}],"replies":[{"embeddable":true,"href":"https:\/\/dequis.de\/index.php\/wp-json\/wp\/v2\/comments?post=47"}],"version-history":[{"count":223,"href":"https:\/\/dequis.de\/index.php\/wp-json\/wp\/v2\/pages\/47\/revisions"}],"predecessor-version":[{"id":1404,"href":"https:\/\/dequis.de\/index.php\/wp-json\/wp\/v2\/pages\/47\/revisions\/1404"}],"wp:attachment":[{"href":"https:\/\/dequis.de\/index.php\/wp-json\/wp\/v2\/media?parent=47"}],"curies":[{"name":"wp","href":"https:\/\/api.w.org\/{rel}","templated":true}]}}